{"id":166427,"date":"2025-12-11T18:51:58","date_gmt":"2025-12-11T17:51:58","guid":{"rendered":"https:\/\/blog.europaschulekoeln.eu\/?page_id=166427"},"modified":"2025-12-11T19:10:47","modified_gmt":"2025-12-11T18:10:47","slug":"geschichten-posten","status":"publish","type":"page","link":"https:\/\/europaschulekoeln.eu\/blog\/geschichten-posten\/","title":{"rendered":"Geschichten posten"},"content":{"rendered":"<div class=\"wpb-content-wrapper\">[vc_row row_height_percent=&#8220;0&#8243; back_color=&#8220;color-181540&#8243; overlay_alpha=&#8220;50&#8243; gutter_size=&#8220;3&#8243; column_width_percent=&#8220;100&#8243; shift_y=&#8220;0&#8243; z_index=&#8220;0&#8243; content_parallax=&#8220;0&#8243; uncode_shortcode_id=&#8220;459780&#8243; back_color_type=&#8220;uncode-palette&#8220;][vc_column width=&#8220;1\/1&#8243;][vc_column_text uncode_shortcode_id=&#8220;838796&#8243;]\n<!-- User Submitted Posts @ https:\/\/m0n.co\/usp -->\n\n<div id=\"user-submitted-posts\">\n\t\t\n\t<form id=\"usp_form\" method=\"post\" enctype=\"multipart\/form-data\" action=\"\">\n\t\t<div id=\"usp-error-message\" class=\"usp-callout-failure usp-hidden\">Bitte f\u00fcllen Sie die Pflichtfelder aus.<\/div>\n\t\t\t\t\n\t\t<fieldset class=\"usp-name\">\n\t\t\t<label for=\"user-submitted-name\">Ihr Name<\/label>\n\t\t\t<input id=\"user-submitted-name\" name=\"user-submitted-name\" type=\"text\" value=\"\" placeholder=\"Ihr Name\" data-required=\"true\" required class=\"usp-input\">\n\t\t<\/fieldset>\n\t\t\t\t\n\t\t<fieldset class=\"usp-email\">\n\t\t\t<label for=\"user-submitted-email\">Ihre E-Mail<\/label>\n\t\t\t<input id=\"user-submitted-email\" name=\"user-submitted-email\" type=\"email\" data-parsley-type=\"email\" value=\"\" placeholder=\"Ihre E-Mail\" data-required=\"true\" required class=\"usp-input\">\n\t\t<\/fieldset>\n\t\t\t\t\n\t\t<fieldset class=\"usp-title\">\n\t\t\t<label for=\"user-submitted-title\">Beitragstitel<\/label>\n\t\t\t<input id=\"user-submitted-title\" name=\"user-submitted-title\" type=\"text\" value=\"\" placeholder=\"Beitragstitel\" data-required=\"true\" required class=\"usp-input\">\n\t\t<\/fieldset>\n\t\t\t\t\t\t\n\t\t<fieldset class=\"usp-tags\">\n\t\t\t<label for=\"user-submitted-tags\">Schlagw\u00f6rter f\u00fcr Beitr\u00e4ge<\/label>\n\t\t\t<input id=\"user-submitted-tags\" name=\"user-submitted-tags\" type=\"text\" value=\"\" placeholder=\"Schlagw\u00f6rter f\u00fcr Beitr\u00e4ge\" class=\"usp-input\">\n\t\t<\/fieldset>\n\t\t\t\t\t\t\n\t\t<fieldset class=\"usp-captcha\">\n\t\t\t<label for=\"user-submitted-captcha\">Wie wird unser Eingangsbereich\/Foyer kurz und knapp unter Sch\u00fcler:innen und im Kollegium benannt?<\/label>\n\t\t\t<input id=\"user-submitted-captcha\" name=\"user-submitted-captcha\" type=\"text\" value=\"\" placeholder=\"Antispam-Frage\" data-required=\"true\" required class=\"usp-input user-submitted-captcha\" data-parsley-excluded=\"true\">\n\t\t<\/fieldset>\n\t\t\t\t\n\t\t<fieldset class=\"usp-category\">\n\t\t\t<label for=\"user-submitted-category\">Beitragskategorie<\/label>\n\t\t\t<select id=\"user-submitted-category\" data-required=\"true\" required class=\"usp-select\" name=\"user-submitted-category[]\">\n\t\t\t\t<option value=\"\" selected=\"true\" disabled>Bitte w\u00e4hlen Sie eine Kategorie aus.<\/option>\n\t\t\t\t<option value=\"93\">50+ Geburtstagsgr\u00fc\u00dfe<\/option><option value=\"6\">Alumni - Ehemalige berichten<\/option><option value=\"9\">Lach- und Sachgeschichten<\/option>\t\t\t<\/select>\n\t\t<\/fieldset>\n\t\t\t\t\n\t\t<fieldset class=\"usp-content\">\n\t\t\t\t\t\t\n\t\t\t<div class=\"usp_text-editor\">\n\t\t\t<div id=\"wp-uspcontent-wrap\" class=\"wp-core-ui wp-editor-wrap tmce-active\"><link rel='stylesheet' id='dashicons-css' href='https:\/\/europaschulekoeln.eu\/blog\/wp-includes\/css\/dashicons.min.css?ver=6.9.4' type='text\/css' media='all' \/>\n<link rel='stylesheet' id='editor-buttons-css' href='https:\/\/europaschulekoeln.eu\/blog\/wp-includes\/css\/editor.min.css?ver=6.9.4' type='text\/css' media='all' \/>\n<div id=\"wp-uspcontent-editor-tools\" class=\"wp-editor-tools hide-if-no-js\"><div class=\"wp-editor-tabs\"><button type=\"button\" id=\"uspcontent-tmce\" aria-pressed=\"true\" class=\"wp-switch-editor switch-tmce\" data-wp-editor-id=\"uspcontent\">Visuell<\/button>\n<button type=\"button\" id=\"uspcontent-html\" class=\"wp-switch-editor switch-html\" data-wp-editor-id=\"uspcontent\">Code<\/button>\n<\/div>\n<\/div>\n<div id=\"wp-uspcontent-editor-container\" class=\"wp-editor-container\"><div id=\"qt_uspcontent_toolbar\" class=\"quicktags-toolbar hide-if-no-js\"><\/div><textarea class=\"usp-rich-textarea wp-editor-area\" rows=\"10\" autocomplete=\"off\" cols=\"40\" name=\"user-submitted-content\" id=\"uspcontent\"><\/textarea><\/div>\n<\/div>\n\n\t\t\t\t\n\t\t\t<\/div>\n\t\t\t\t\t\t\n\t\t<\/fieldset>\n\t\t\t\t\t\t\n\t\t<fieldset class=\"usp-images\">\n\t\t\t<label for=\"user-submitted-image\">Laden Sie ein Bild hoch<\/label>\n\t\t\t<div id=\"usp-upload-message\">Bitte w\u00e4hlen Sie Ihre Bilder zum Hochladen aus.<\/div>\n\t\t\t<div id=\"user-submitted-image\">\n\t\t\t\t\t\t\t\n\t\t\t\t<input name=\"user-submitted-image[]\" type=\"file\" size=\"25\" class=\"usp-input usp-clone\" data-parsley-excluded=\"true\" accept=\"image\/*\">\n\t\t\t\t<a href=\"#\" id=\"usp_add-another\" class=\"usp-no-js\">F\u00fcge ein weiteres Bild hinzu<\/a>\t\t\t\t\t\t\t\n\t\t\t<\/div>\n\t\t\t<input type=\"hidden\" class=\"usp-hidden\" id=\"usp-min-images\" name=\"usp-min-images\" value=\"0\">\n\t\t\t<input type=\"hidden\" class=\"usp-hidden\" id=\"usp-max-images\" name=\"usp-max-images\" value=\"4\">\n\t\t<\/fieldset>\n\t\t\t\t\t\t\n\t\t<fieldset id=\"usp_verify\" style=\"display:none;\">\n\t\t\t<label for=\"user-submitted-verify\">Menschliche Best\u00e4tigung: Bitte lassen Sie dieses Feld leer.<\/label>\n\t\t\t<input id=\"user-submitted-verify\" name=\"user-submitted-verify\" type=\"text\" value=\"\" data-parsley-excluded=\"true\">\n\t\t<\/fieldset>\n\t\t\n\t\t<fieldset class=\"usp-checkbox\"><input id=\"user-submitted-checkbox\" name=\"usp_bildrechte\" type=\"checkbox\" value=\"\" data-required=\"true\" required> <label for=\"user-submitted-checkbox\">Ich best\u00e4tige, dass ich alle Rechte an den hochgeladenen Bildern besitze und diese ver\u00f6ffentlicht werden d\u00fcrfen.<\/label><\/fieldset>\t\t\n\t\t<div id=\"usp-submit\">\n\t\t\t\t\t\t\t\t\t\t\t\t\t\t\t\t\t\t\n\t\t\t<input type=\"submit\" class=\"usp-submit\" id=\"user-submitted-post\" name=\"user-submitted-post\" value=\"Beitrag einreichen\">\n\t\t\t<input type=\"hidden\" id=\"usp-nonce\" name=\"usp-nonce\" value=\"a10ecfab25\" \/>\t\t\t\n\t\t<\/div>\n\t\t\n\t<\/form>\n<\/div>\n<script>(function(){var e = document.getElementById('usp_verify'); if(e) e.parentNode.removeChild(e);})();<\/script>\n\n\n[\/vc_column_text][\/vc_column][\/vc_row]\n<\/div>","protected":false},"excerpt":{"rendered":"<p>[vc_row row_height_percent=&#8220;0&#8243; back_color=&#8220;color-181540&#8243; overlay_alpha=&#8220;50&#8243; gutter_size=&#8220;3&#8243; column_width_percent=&#8220;100&#8243; shift_y=&#8220;0&#8243; z_index=&#8220;0&#8243; content_parallax=&#8220;0&#8243; uncode_shortcode_id=&#8220;459780&#8243; back_color_type=&#8220;uncode-palette&#8220;][vc_column width=&#8220;1\/1&#8243;][vc_column_text uncode_shortcode_id=&#8220;838796&#8243;] [\/vc_column_text][\/vc_column][\/vc_row]<\/p>\n","protected":false},"author":1,"featured_media":0,"parent":0,"menu_order":0,"comment_status":"closed","ping_status":"closed","template":"","meta":{"inline_featured_image":false,"footnotes":""},"class_list":["post-166427","page","type-page","status-publish","hentry"],"_links":{"self":[{"href":"https:\/\/europaschulekoeln.eu\/blog\/wp-json\/wp\/v2\/pages\/166427","targetHints":{"allow":["GET"]}}],"collection":[{"href":"https:\/\/europaschulekoeln.eu\/blog\/wp-json\/wp\/v2\/pages"}],"about":[{"href":"https:\/\/europaschulekoeln.eu\/blog\/wp-json\/wp\/v2\/types\/page"}],"author":[{"embeddable":true,"href":"https:\/\/europaschulekoeln.eu\/blog\/wp-json\/wp\/v2\/users\/1"}],"replies":[{"embeddable":true,"href":"https:\/\/europaschulekoeln.eu\/blog\/wp-json\/wp\/v2\/comments?post=166427"}],"version-history":[{"count":3,"href":"https:\/\/europaschulekoeln.eu\/blog\/wp-json\/wp\/v2\/pages\/166427\/revisions"}],"predecessor-version":[{"id":166467,"href":"https:\/\/europaschulekoeln.eu\/blog\/wp-json\/wp\/v2\/pages\/166427\/revisions\/166467"}],"wp:attachment":[{"href":"https:\/\/europaschulekoeln.eu\/blog\/wp-json\/wp\/v2\/media?parent=166427"}],"curies":[{"name":"wp","href":"https:\/\/api.w.org\/{rel}","templated":true}]}}