{"id":120658,"date":"2022-11-23T15:55:04","date_gmt":"2022-11-23T14:55:04","guid":{"rendered":"https:\/\/undsgn.com\/uncode\/?page_id=120658"},"modified":"2026-03-10T15:11:03","modified_gmt":"2026-03-10T14:11:03","slug":"home","status":"publish","type":"page","link":"https:\/\/europaschulekoeln.eu\/blog\/","title":{"rendered":"Home"},"content":{"rendered":"<div class=\"wpb-content-wrapper\">[vc_row row_height_percent=&#8220;0&#8243; override_padding=&#8220;yes&#8220; h_padding=&#8220;2&#8243; top_padding=&#8220;5&#8243; bottom_padding=&#8220;5&#8243; back_color=&#8220;color-181540&#8243; overlay_alpha=&#8220;50&#8243; gutter_size=&#8220;4&#8243; column_width_percent=&#8220;100&#8243; shift_y=&#8220;0&#8243; z_index=&#8220;3&#8243; bottom_divider=&#8220;step&#8220; content_parallax=&#8220;0&#8243; uncode_shortcode_id=&#8220;138411&#8243; back_color_type=&#8220;uncode-palette&#8220;][vc_column column_width_percent=&#8220;100&#8243; gutter_size=&#8220;3&#8243; style=&#8220;dark&#8220; overlay_alpha=&#8220;50&#8243; shift_x=&#8220;0&#8243; shift_y=&#8220;0&#8243; shift_y_down=&#8220;0&#8243; z_index=&#8220;0&#8243; medium_width=&#8220;0&#8243; mobile_width=&#8220;0&#8243; width=&#8220;1\/1&#8243; uncode_shortcode_id=&#8220;212041&#8243;][vc_row_inner row_inner_height_percent=&#8220;0&#8243; overlay_alpha=&#8220;50&#8243; gutter_size=&#8220;4&#8243; shift_y=&#8220;0&#8243; z_index=&#8220;3&#8243; limit_content=&#8220;&#8220; uncode_shortcode_id=&#8220;111690&#8243;][vc_column_inner column_width_percent=&#8220;100&#8243; gutter_size=&#8220;3&#8243; style=&#8220;dark&#8220; overlay_alpha=&#8220;50&#8243; shift_x=&#8220;0&#8243; shift_y=&#8220;0&#8243; shift_y_down=&#8220;0&#8243; z_index=&#8220;0&#8243; medium_width=&#8220;0&#8243; mobile_width=&#8220;0&#8243; parallax_intensity=&#8220;8&#8243; parallax_centered=&#8220;yes&#8220; width=&#8220;1\/1&#8243; uncode_shortcode_id=&#8220;148878&#8243;][vc_custom_heading text_color=&#8220;accent&#8220; heading_semantic=&#8220;h1&#8243; text_size=&#8220;fontsize-117537&#8243; css_animation=&#8220;alpha-anim&#8220; uncode_shortcode_id=&#8220;430178&#8243; text_color_type=&#8220;uncode-palette&#8220;]50 Jahre ESK. Jede Menge Geschichten. Erz\u00e4hl uns Deine![\/vc_custom_heading][\/vc_column_inner][\/vc_row_inner][vc_row_inner row_inner_height_percent=&#8220;0&#8243; overlay_alpha=&#8220;50&#8243; equal_height=&#8220;yes&#8220; gutter_size=&#8220;4&#8243; shift_y=&#8220;0&#8243; z_index=&#8220;0&#8243; inverted_device_order=&#8220;yes&#8220; limit_content=&#8220;&#8220; uncode_shortcode_id=&#8220;720878&#8243;][vc_column_inner column_width_percent=&#8220;100&#8243; gutter_size=&#8220;3&#8243; overlay_alpha=&#8220;50&#8243; shift_x=&#8220;0&#8243; shift_y=&#8220;0&#8243; shift_y_down=&#8220;0&#8243; z_index=&#8220;0&#8243; medium_width=&#8220;0&#8243; mobile_width=&#8220;0&#8243; parallax_intensity=&#8220;4&#8243; parallax_centered=&#8220;yes&#8220; width=&#8220;4\/12&#8243; uncode_shortcode_id=&#8220;149982&#8243;][vc_column_text text_lead=&#8220;yes&#8220; uncode_shortcode_id=&#8220;323679&#8243;]Seit 1976 lernen und leben wir gemeinsam unter einem Dach. Zum Jubil\u00e4um erz\u00e4hlen Sch\u00fcler:innen und Ehemalige, was unsere Schule f\u00fcr sie bedeutet \u2013 gestern, heute und morgen.[\/vc_column_text][vc_button size=&#8220;link&#8220; btn_link_size=&#8220;bigtext&#8220; btn_link_underline=&#8220;btn-underline-out&#8220; custom_typo=&#8220;yes&#8220; font_family=&#8220;font-555555&#8243; font_weight=&#8220;600&#8243; link=&#8220;url:https%3A%2F%2Feuropaschulekoeln.eu%2Fblog%2Fgeschichten-posten%2F|title:Geschichten%20posten&#8220; uncode_shortcode_id=&#8220;206414&#8243;]Poste hier Deine Geschichte[\/vc_button][\/vc_column_inner][vc_column_inner column_width_percent=&#8220;100&#8243; gutter_size=&#8220;3&#8243; overlay_alpha=&#8220;50&#8243; shift_x=&#8220;0&#8243; shift_y=&#8220;-2&#8243; shift_y_down=&#8220;0&#8243; z_index=&#8220;0&#8243; medium_width=&#8220;0&#8243; mobile_width=&#8220;0&#8243; width=&#8220;6\/12&#8243; uncode_shortcode_id=&#8220;644640&#8243;][vc_single_image media=&#8220;166743&#8243; media_width_percent=&#8220;100&#8243; uncode_shortcode_id=&#8220;188796&#8243;][\/vc_column_inner][vc_column_inner column_width_percent=&#8220;100&#8243; align_horizontal=&#8220;align_center&#8220; gutter_size=&#8220;2&#8243; overlay_alpha=&#8220;50&#8243; shift_x=&#8220;-5&#8243; shift_y=&#8220;0&#8243; shift_y_down=&#8220;0&#8243; z_index=&#8220;2&#8243; medium_width=&#8220;0&#8243; mobile_visibility=&#8220;yes&#8220; mobile_width=&#8220;0&#8243; parallax_intensity=&#8220;6&#8243; parallax_centered=&#8220;yes&#8220; width=&#8220;2\/12&#8243; uncode_shortcode_id=&#8220;173910&#8243;][vc_empty_space][\/vc_column_inner][\/vc_row_inner][\/vc_column][\/vc_row][vc_row row_height_percent=&#8220;0&#8243; override_padding=&#8220;yes&#8220; h_padding=&#8220;2&#8243; top_padding=&#8220;5&#8243; bottom_padding=&#8220;7&#8243; back_color=&#8220;color-xsdn&#8220; overlay_alpha=&#8220;50&#8243; equal_height=&#8220;yes&#8220; gutter_size=&#8220;4&#8243; column_width_percent=&#8220;100&#8243; shift_y=&#8220;0&#8243; z_index=&#8220;0&#8243; bottom_divider=&#8220;step_3_4&#8243; medium_visibility=&#8220;yes&#8220; mobile_visibility=&#8220;yes&#8220; content_parallax=&#8220;0&#8243; uncode_shortcode_id=&#8220;533629&#8243; back_color_type=&#8220;uncode-palette&#8220;][vc_column column_width_percent=&#8220;100&#8243; gutter_size=&#8220;4&#8243; font_family=&#8220;font-136269&#8243; overlay_alpha=&#8220;50&#8243; shift_x=&#8220;0&#8243; shift_y=&#8220;0&#8243; shift_y_down=&#8220;0&#8243; z_index=&#8220;0&#8243; medium_width=&#8220;0&#8243; mobile_width=&#8220;0&#8243; css_animation=&#8220;alpha-anim&#8220; animation_speed=&#8220;1000&#8243; width=&#8220;3\/4&#8243; uncode_shortcode_id=&#8220;134147&#8243;][vc_custom_heading text_color=&#8220;accent&#8220; text_font=&#8220;font-451805&#8243; text_size=&#8220;h1&#8243; uncode_shortcode_id=&#8220;796984&#8243; text_color_type=&#8220;uncode-palette&#8220;]50+ Geburtstagsw\u00fcnsche f\u00fcr die Europaschule\u00a0&#8211;<br \/>\nWas Du der Europaschule w\u00fcnschst[\/vc_custom_heading][uncode_index el_id=&#8220;index-987678&#8243; index_type=&#8220;titles&#8220; loop=&#8220;size:3|order_by:date|post_type:post|categories:93|taxonomy_count:10&#8243; gutter_size=&#8220;4&#8243; drop_width=&#8220;3&#8243; drop_anchor=&#8220;center&#8220; drop_image_time=&#8220;100&#8243; drop_image_arrange=&#8220;behind&#8220; drop_radius=&#8220;&#8220; drop_image_hover=&#8220;opacity&#8220; drop_image_extra=&#8220;yes&#8220; drop_image_extra_type=&#8220;date&#8220; drop_image_extra_size=&#8220;50&#8243; drop_image_extra_position=&#8220;left-top&#8220; single_title_semantic=&#8220;h2&#8243; single_title_dimension=&#8220;custom&#8220; no_double_tap=&#8220;yes&#8220; titles_gap_reduced_mobile=&#8220;yes&#8220; uncode_shortcode_id=&#8220;139997&#8243; heading_custom_size=&#8220;50px&#8220;][\/vc_column][vc_column column_width_percent=&#8220;100&#8243; gutter_size=&#8220;3&#8243; overlay_alpha=&#8220;50&#8243; shift_x=&#8220;0&#8243; shift_y=&#8220;0&#8243; shift_y_down=&#8220;0&#8243; z_index=&#8220;0&#8243; medium_visibility=&#8220;yes&#8220; medium_width=&#8220;0&#8243; mobile_visibility=&#8220;yes&#8220; mobile_width=&#8220;0&#8243; width=&#8220;1\/4&#8243; uncode_shortcode_id=&#8220;104599&#8243;][vc_single_image media=&#8220;166689&#8243; media_width_use_pixel=&#8220;yes&#8220; alignment=&#8220;center&#8220; css_animation=&#8220;zoom-in&#8220; rotating=&#8220;always&#8220; uncode_shortcode_id=&#8220;177190&#8243; media_width_pixel=&#8220;180&#8243;][\/vc_column][\/vc_row][vc_row row_height_percent=&#8220;0&#8243; override_padding=&#8220;yes&#8220; h_padding=&#8220;2&#8243; top_padding=&#8220;5&#8243; bottom_padding=&#8220;7&#8243; back_color=&#8220;color-xsdn&#8220; overlay_alpha=&#8220;50&#8243; equal_height=&#8220;yes&#8220; gutter_size=&#8220;4&#8243; column_width_percent=&#8220;100&#8243; shift_y=&#8220;0&#8243; z_index=&#8220;0&#8243; bottom_divider=&#8220;step_3_4&#8243; desktop_visibility=&#8220;yes&#8220; content_parallax=&#8220;0&#8243; uncode_shortcode_id=&#8220;114679&#8243; back_color_type=&#8220;uncode-palette&#8220;][vc_column column_width_percent=&#8220;100&#8243; gutter_size=&#8220;4&#8243; font_family=&#8220;font-136269&#8243; overlay_alpha=&#8220;50&#8243; shift_x=&#8220;0&#8243; shift_y=&#8220;0&#8243; shift_y_down=&#8220;0&#8243; z_index=&#8220;0&#8243; medium_width=&#8220;0&#8243; mobile_width=&#8220;0&#8243; css_animation=&#8220;alpha-anim&#8220; animation_speed=&#8220;1000&#8243; width=&#8220;3\/4&#8243; uncode_shortcode_id=&#8220;134147&#8243;][vc_custom_heading text_color=&#8220;accent&#8220; text_font=&#8220;font-451805&#8243; text_size=&#8220;h1&#8243; uncode_shortcode_id=&#8220;796984&#8243; text_color_type=&#8220;uncode-palette&#8220;]50+ Geburtstagsw\u00fcnsche f\u00fcr die Europaschule\u00a0&#8211;<br \/>\nWas Du der Europaschule w\u00fcnschst[\/vc_custom_heading][uncode_index el_id=&#8220;index-9876787&#8243; index_type=&#8220;titles&#8220; loop=&#8220;size:3|order_by:date|post_type:post|categories:93|taxonomy_count:10&#8243; gutter_size=&#8220;4&#8243; drop_image_position=&#8220;hide&#8220; drop_image_time=&#8220;100&#8243; drop_image_hover=&#8220;opacity&#8220; drop_image_extra=&#8220;yes&#8220; drop_image_extra_type=&#8220;date&#8220; drop_image_extra_size=&#8220;50&#8243; drop_image_extra_position=&#8220;left-top&#8220; single_title_semantic=&#8220;h2&#8243; single_title_dimension=&#8220;custom&#8220; no_double_tap=&#8220;yes&#8220; titles_gap_reduced_mobile=&#8220;yes&#8220; uncode_shortcode_id=&#8220;250154&#8243; heading_custom_size=&#8220;50px&#8220;][\/vc_column][vc_column column_width_percent=&#8220;100&#8243; gutter_size=&#8220;3&#8243; overlay_alpha=&#8220;50&#8243; shift_x=&#8220;0&#8243; shift_y=&#8220;0&#8243; shift_y_down=&#8220;0&#8243; z_index=&#8220;0&#8243; medium_visibility=&#8220;yes&#8220; medium_width=&#8220;0&#8243; mobile_visibility=&#8220;yes&#8220; mobile_width=&#8220;0&#8243; width=&#8220;1\/4&#8243; uncode_shortcode_id=&#8220;104599&#8243;][vc_single_image media=&#8220;166689&#8243; media_width_use_pixel=&#8220;yes&#8220; alignment=&#8220;center&#8220; css_animation=&#8220;zoom-in&#8220; rotating=&#8220;always&#8220; uncode_shortcode_id=&#8220;177190&#8243; media_width_pixel=&#8220;180&#8243;][\/vc_column][\/vc_row][vc_row][vc_column width=&#8220;1\/2&#8243;][vc_single_image media=&#8220;166874&#8243; media_width_percent=&#8220;100&#8243; uncode_shortcode_id=&#8220;380689&#8243;][\/vc_column][vc_column width=&#8220;1\/2&#8243;][vc_column_text text_lead=&#8220;yes&#8220; text_color=&#8220;accent&#8220; uncode_shortcode_id=&#8220;534197&#8243; text_color_type=&#8220;uncode-palette&#8220;]<strong>08.05<\/strong>. <a href=\"https:\/\/europaschulekoeln.eu\/6-elternbrief-jubilaeum-und-bruesselfahrt\/\" target=\"_blank\" rel=\"noopener\">Br\u00fcsselfahrt<\/a><\/p>\n<p><strong>10.07.<\/strong> <a href=\"https:\/\/pretix.eu\/europaschulekoeln.eu\/ehemaligenfest\/\" target=\"_blank\" rel=\"noopener\">Ehemaligenfest (Ticketlink)<\/a><\/p>\n<p><strong>25.09.<\/strong> &#8222;Europa feiert&#8220; &#8211; Unser Schulfest<\/p>\n<p><strong>11.12.<\/strong> Festakt zum Jubil\u00e4um[\/vc_column_text][\/vc_column][\/vc_row][vc_row row_height_percent=&#8220;0&#8243; override_padding=&#8220;yes&#8220; h_padding=&#8220;2&#8243; top_padding=&#8220;4&#8243; bottom_padding=&#8220;5&#8243; back_color=&#8220;color-112605&#8243; overlay_alpha=&#8220;50&#8243; gutter_size=&#8220;4&#8243; column_width_percent=&#8220;100&#8243; shift_y=&#8220;0&#8243; z_index=&#8220;0&#8243; content_parallax=&#8220;0&#8243; uncode_shortcode_id=&#8220;128919&#8243; back_color_type=&#8220;uncode-palette&#8220;][vc_column column_width_percent=&#8220;100&#8243; gutter_size=&#8220;4&#8243; style=&#8220;dark&#8220; font_family=&#8220;font-136269&#8243; overlay_alpha=&#8220;50&#8243; shift_x=&#8220;0&#8243; shift_y=&#8220;0&#8243; shift_y_down=&#8220;0&#8243; z_index=&#8220;0&#8243; medium_width=&#8220;0&#8243; mobile_width=&#8220;0&#8243; width=&#8220;5\/12&#8243; uncode_shortcode_id=&#8220;226472&#8243;][vc_custom_heading heading_semantic=&#8220;h3&#8243; text_size=&#8220;h1&#8243; uncode_shortcode_id=&#8220;141031&#8243;]Lach- und Sachgeschichten[\/vc_custom_heading][uncode_index el_id=&#8220;index-814808386&#8243; index_type=&#8220;linear&#8220; loop=&#8220;size:10|order_by:date|order:DESC|post_type:post|categories:9|taxonomy_count:10&#8243; gutter_size=&#8220;4&#8243; linear_width=&#8220;clamp(100px, 30vw, 600px)&#8220; linear_animation=&#8220;marquee-opposite&#8220; linear_speed=&#8220;0&#8243; draggable=&#8220;yes&#8220; post_items=&#8220;media|featured|onpost|poster,date,title&#8220; css_grid_images_size=&#8220;three-two&#8220; single_style=&#8220;dark&#8220; single_overlay_color=&#8220;color-wayh&#8220; single_overlay_opacity=&#8220;50&#8243; single_overlay_anim=&#8220;no&#8220; single_text_anim=&#8220;no&#8220; single_image_magnetic=&#8220;yes&#8220; single_padding=&#8220;2&#8243; single_thumb_hover=&#8220;yes&#8220; single_title_dimension=&#8220;h2&#8243; single_title_weight=&#8220;700&#8243; single_meta_custom_typo=&#8220;yes&#8220; single_meta_size=&#8220;large&#8220; single_meta_weight=&#8220;700&#8243; single_border=&#8220;yes&#8220; post_matrix=&#8220;matrix&#8220; matrix_amount=&#8220;3&#8243; custom_cursor=&#8220;accent&#8220; uncode_shortcode_id=&#8220;160597&#8243; matrix_items=&#8220;e30=&#8220;][\/vc_column][vc_column column_width_percent=&#8220;100&#8243; gutter_size=&#8220;3&#8243; overlay_alpha=&#8220;50&#8243; shift_x=&#8220;0&#8243; shift_y=&#8220;0&#8243; shift_y_down=&#8220;0&#8243; z_index=&#8220;0&#8243; medium_visibility=&#8220;yes&#8220; medium_width=&#8220;0&#8243; mobile_visibility=&#8220;yes&#8220; mobile_width=&#8220;0&#8243; width=&#8220;7\/12&#8243; uncode_shortcode_id=&#8220;156844&#8243;][vc_column_text text_lead=&#8220;yes&#8220; text_color=&#8220;color-xsdn&#8220; uncode_shortcode_id=&#8220;111372&#8243; text_color_type=&#8220;uncode-palette&#8220;]50 Jahre ESK. Erz\u00e4hle uns Deine sch\u00f6nste, bewegenste oder lustigste Geschichte&#8230;[\/vc_column_text][\/vc_column][\/vc_row][vc_row row_height_percent=&#8220;0&#8243; override_padding=&#8220;yes&#8220; h_padding=&#8220;2&#8243; top_padding=&#8220;5&#8243; bottom_padding=&#8220;7&#8243; back_color=&#8220;color-xsdn&#8220; overlay_alpha=&#8220;50&#8243; gutter_size=&#8220;4&#8243; column_width_percent=&#8220;100&#8243; shift_y=&#8220;0&#8243; z_index=&#8220;0&#8243; content_parallax=&#8220;0&#8243; uncode_shortcode_id=&#8220;825752&#8243; back_color_type=&#8220;uncode-palette&#8220;][vc_column column_width_percent=&#8220;100&#8243; gutter_size=&#8220;2&#8243; overlay_alpha=&#8220;50&#8243; shift_x=&#8220;0&#8243; shift_y=&#8220;0&#8243; shift_y_down=&#8220;0&#8243; z_index=&#8220;0&#8243; medium_width=&#8220;0&#8243; mobile_width=&#8220;0&#8243; css_animation=&#8220;right-t-left&#8220; animation_speed=&#8220;1000&#8243; width=&#8220;10\/12&#8243; uncode_shortcode_id=&#8220;100230&#8243;][vc_custom_heading text_color=&#8220;accent&#8220; text_size=&#8220;h1&#8243; uncode_shortcode_id=&#8220;213421&#8243; text_color_type=&#8220;uncode-palette&#8220;]ESK Alumni &#8211; Ehemalige berichten[\/vc_custom_heading][vc_column_text text_lead=&#8220;yes&#8220; uncode_shortcode_id=&#8220;119618&#8243;]Wo bist Du nach der Schule gelandet? Wir sind sehr gespannt auf Deinen Werdegang&#8230;[\/vc_column_text][vc_empty_space empty_h=&#8220;3&#8243;][uncode_index el_id=&#8220;index-98763456&#8243; index_type=&#8220;table&#8220; loop=&#8220;size:6|order_by:date|post_type:post|categories:6|taxonomy_count:10&#8243; gutter_size=&#8220;3&#8243; table_v_align=&#8220;middle&#8220; table_border=&#8220;yes&#8220; table_click_row=&#8220;yes&#8220; table_hover=&#8220;opacity-inverted&#8220; post_table_items=&#8220;col-one|8,title|-,col-two|4,link|default|default_size|scale_mobile|default_width|default_outline|Mehr erfahren&#8220; portfolio_table_items=&#8220;col-one|4,title,col-two|2,date,col-three|2,category|nobg|relative|display-icon,col-four|2,icon|sm,link|default|default_size&#8220; table_images_size=&#8220;one-one&#8220; single_shape=&#8220;circle&#8220; single_overlay_opacity=&#8220;50&#8243; single_image_magnetic=&#8220;yes&#8220; single_table_last_align=&#8220;right&#8220; single_padding=&#8220;2&#8243; single_title_dimension=&#8220;h2&#8243; single_title_weight=&#8220;700&#8243; table_general_typo=&#8220;yes&#8220; single_border=&#8220;yes&#8220; table_display_tablet=&#8220;yes&#8220; uncode_shortcode_id=&#8220;942910&#8243;][\/vc_column][vc_column column_width_percent=&#8220;100&#8243; gutter_size=&#8220;3&#8243; overlay_alpha=&#8220;50&#8243; shift_x=&#8220;0&#8243; shift_y=&#8220;0&#8243; shift_y_down=&#8220;0&#8243; z_index=&#8220;0&#8243; medium_visibility=&#8220;yes&#8220; medium_width=&#8220;0&#8243; mobile_visibility=&#8220;yes&#8220; mobile_width=&#8220;0&#8243; width=&#8220;2\/12&#8243; uncode_shortcode_id=&#8220;121687&#8243;][\/vc_column][\/vc_row]\n<\/div>","protected":false},"excerpt":{"rendered":"<p>[vc_row row_height_percent=&#8220;0&#8243; override_padding=&#8220;yes&#8220; h_padding=&#8220;2&#8243; top_padding=&#8220;5&#8243; bottom_padding=&#8220;5&#8243; back_color=&#8220;color-181540&#8243; overlay_alpha=&#8220;50&#8243; gutter_size=&#8220;4&#8243; column_width_percent=&#8220;100&#8243; shift_y=&#8220;0&#8243; z_index=&#8220;3&#8243; bottom_divider=&#8220;step&#8220; content_parallax=&#8220;0&#8243; uncode_shortcode_id=&#8220;138411&#8243; back_color_type=&#8220;uncode-palette&#8220;][vc_column column_width_percent=&#8220;100&#8243; gutter_size=&#8220;3&#8243; style=&#8220;dark&#8220; overlay_alpha=&#8220;50&#8243; [&hellip;]<\/p>\n","protected":false},"author":1,"featured_media":0,"parent":0,"menu_order":0,"comment_status":"closed","ping_status":"closed","template":"","meta":{"inline_featured_image":false,"footnotes":""},"class_list":["post-120658","page","type-page","status-publish","hentry"],"_links":{"self":[{"href":"https:\/\/europaschulekoeln.eu\/blog\/wp-json\/wp\/v2\/pages\/120658","targetHints":{"allow":["GET"]}}],"collection":[{"href":"https:\/\/europaschulekoeln.eu\/blog\/wp-json\/wp\/v2\/pages"}],"about":[{"href":"https:\/\/europaschulekoeln.eu\/blog\/wp-json\/wp\/v2\/types\/page"}],"author":[{"embeddable":true,"href":"https:\/\/europaschulekoeln.eu\/blog\/wp-json\/wp\/v2\/users\/1"}],"replies":[{"embeddable":true,"href":"https:\/\/europaschulekoeln.eu\/blog\/wp-json\/wp\/v2\/comments?post=120658"}],"version-history":[{"count":46,"href":"https:\/\/europaschulekoeln.eu\/blog\/wp-json\/wp\/v2\/pages\/120658\/revisions"}],"predecessor-version":[{"id":166878,"href":"https:\/\/europaschulekoeln.eu\/blog\/wp-json\/wp\/v2\/pages\/120658\/revisions\/166878"}],"wp:attachment":[{"href":"https:\/\/europaschulekoeln.eu\/blog\/wp-json\/wp\/v2\/media?parent=120658"}],"curies":[{"name":"wp","href":"https:\/\/api.w.org\/{rel}","templated":true}]}}